{"id":9243,"date":"2024-06-25T19:02:44","date_gmt":"2024-06-25T19:02:44","guid":{"rendered":"https:\/\/www.kreationstudio.mx\/?page_id=9243"},"modified":"2024-10-15T19:01:31","modified_gmt":"2024-10-15T19:01:31","slug":"kreation-contacto","status":"publish","type":"page","link":"https:\/\/www.kreationstudio.mx\/en\/kreation-contacto\/","title":{"rendered":"KREATION CONTACTO"},"content":{"rendered":"<div id=\"fws_69d397cf90dd1\"  data-column-margin=\"default\" data-midnight=\"dark\"  class=\"wpb_row vc_row-fluid vc_row full-width-content vc_row-o-equal-height vc_row-flex vc_row-o-content-top parallax_section right_padding_8pct left_padding_8pct top_padding_phone_100px bottom_padding_phone_0px right_padding_phone_2pct left_padding_phone_2pct\"  style=\"padding-top: 80px; padding-bottom: 80px; \"><div class=\"row-bg-wrap\" data-bg-animation=\"none\" data-bg-animation-delay=\"\" data-bg-overlay=\"false\"><div class=\"inner-wrap row-bg-layer using-image\" ><div class=\"row-bg viewport-desktop using-image\" data-parallax-speed=\"slow\" style=\"background-image: url(https:\/\/www.kreationstudio.mx\/wp-content\/uploads\/2024\/06\/Rectangle-71.png); background-position: center bottom; background-repeat: no-repeat; \"><\/div><\/div><div class=\"row-bg-overlay row-bg-layer\" style=\"background:linear-gradient(0deg, rgba(0,13,23,0.973) 4%, rgba(0,19,26,0.68) 17%, rgba(10,41,54,0) 46%);\"><\/div><\/div><div class=\"row_col_wrap_12 col span_12 dark left\">\n\t<div  class=\"vc_col-sm-12 wpb_column column_container vc_column_container col centered-text force-phone-text-align-center\"  data-padding-pos=\"all\" data-has-bg-color=\"false\" data-bg-color=\"\" data-bg-opacity=\"1\" data-animation=\"\" data-delay=\"0\" >\n\t\t<div class=\"vc_column-inner\" >\n\t\t\t<div class=\"wpb_wrapper\">\n\t\t\t\t<div id=\"fws_69d397cf912df\" data-midnight=\"\" data-column-margin=\"default\" class=\"wpb_row vc_row-fluid vc_row inner_row\"  style=\"\"><div class=\"row-bg-wrap\"> <div class=\"row-bg\" ><\/div> <\/div><div class=\"row_col_wrap_12_inner col span_12  left\">\n\t<div style=\"margin-bottom: 25px; \" class=\"vc_col-sm-12 wpb_column column_container vc_column_container col child_column no-extra-padding force-desktop-text-align-left force-phone-text-align-center bottom_margin_phone_12px inherit_tablet inherit_phone\"   data-padding-pos=\"all\" data-has-bg-color=\"false\" data-bg-color=\"\" data-bg-opacity=\"1\" data-animation=\"\" data-delay=\"0\" >\n\t\t<div class=\"vc_column-inner\" >\n\t\t<div class=\"wpb_wrapper\">\n\t\t\t<div class=\"nectar-responsive-text font_size_desktop_55px font_size_phone_40px font_line_height_1-1 nectar-link-underline-effect\" style=\"color: #ffffff;\"><p>CONTACT US<\/p>\n<\/div>\n\t\t<\/div> \n\t<\/div>\n\t<\/div> \n<\/div><\/div><div id=\"fws_69d397cf9170d\" data-midnight=\"\" data-column-margin=\"50px\" class=\"wpb_row vc_row-fluid vc_row inner_row vc_row-o-equal-height vc_row-flex vc_row-o-content-bottom\"  style=\"\"><div class=\"row-bg-wrap\"> <div class=\"row-bg\" ><\/div> <\/div><div class=\"row_col_wrap_12_inner col span_12  center\">\n\t<div style=\"\" class=\"vc_col-sm-6 wpb_column column_container vc_column_container col child_column force-desktop-text-align-left left_padding_desktop_30px top_padding_desktop_40px right_padding_desktop_30px bottom_padding_desktop_40px\"  data-using-bg=\"true\" data-padding-pos=\"all\" data-has-bg-color=\"true\" data-bg-color=\"#0e273b\" data-bg-opacity=\"1\" data-animation=\"\" data-delay=\"0\" >\n\t\t<div class=\"vc_column-inner\" ><div class=\"column-bg-overlay-wrap column-bg-layer\" data-bg-animation=\"none\"><div class=\"column-bg-overlay\" style=\"opacity: 1; background-color: #0e273b;\"><\/div><\/div>\n\t\t<div class=\"wpb_wrapper\">\n\t\t\t<div class=\"nectar-responsive-text font_size_desktop_20px font_size_phone_18px font_line_height_1-1 nectar-link-underline-effect\" style=\"color: #ffffff;\"><p>An advisor will contact you.<\/p>\n<\/div>\n<div class=\"wpcf7 no-js\" id=\"wpcf7-f9052-o1\" lang=\"es-ES\" dir=\"ltr\" data-wpcf7-id=\"9052\">\n<div class=\"screen-reader-response\"><p role=\"status\" aria-live=\"polite\" aria-atomic=\"true\"><\/p> <ul><\/ul><\/div>\n<form action=\"\/en\/wp-json\/wp\/v2\/pages\/9243#wpcf7-f9052-o1\" method=\"post\" class=\"wpcf7-form init\" aria-label=\"Formulario de contacto\" novalidate=\"novalidate\" data-status=\"init\" data-trp-original-action=\"\/en\/wp-json\/wp\/v2\/pages\/9243#wpcf7-f9052-o1\">\n<fieldset class=\"hidden-fields-container\"><input type=\"hidden\" name=\"_wpcf7\" value=\"9052\" \/><input type=\"hidden\" name=\"_wpcf7_version\" value=\"6.1.5\" \/><input type=\"hidden\" name=\"_wpcf7_locale\" value=\"es_ES\" \/><input type=\"hidden\" name=\"_wpcf7_unit_tag\" value=\"wpcf7-f9052-o1\" \/><input type=\"hidden\" name=\"_wpcf7_container_post\" value=\"0\" \/><input type=\"hidden\" name=\"_wpcf7_posted_data_hash\" value=\"\" \/>\n<\/fieldset>\n<p><label><br \/>\n<span class=\"wpcf7-form-control-wrap\" data-name=\"your-name\"><input size=\"40\" maxlength=\"400\" class=\"wpcf7-form-control wpcf7-text wpcf7-validates-as-required\" aria-required=\"true\" aria-invalid=\"false\" placeholder=\"Name*\" value=\"\" type=\"text\" name=\"your-name\" \/><\/span><br \/>\n<\/label>\n<\/p>\n<p><label><br \/>\n<span class=\"wpcf7-form-control-wrap\" data-name=\"your-email\"><input size=\"40\" maxlength=\"400\" class=\"wpcf7-form-control wpcf7-email wpcf7-validates-as-required wpcf7-text wpcf7-validates-as-email\" aria-required=\"true\" aria-invalid=\"false\" placeholder=\"Email address*\" value=\"\" type=\"email\" name=\"your-email\" \/><\/span><br \/>\n<\/label>\n<\/p>\n<p><label><br \/>\n<span class=\"wpcf7-form-control-wrap\" data-name=\"your-subject\"><input size=\"40\" maxlength=\"400\" class=\"wpcf7-form-control wpcf7-text wpcf7-validates-as-required\" aria-required=\"true\" aria-invalid=\"false\" placeholder=\"Service of interest*\" value=\"\" type=\"text\" name=\"your-subject\" \/><\/span><br \/>\n<\/label>\n<\/p>\n<p><label><br \/>\n<span class=\"wpcf7-form-control-wrap\" data-name=\"your-message\"><textarea cols=\"40\" rows=\"10\" maxlength=\"2000\" class=\"wpcf7-form-control wpcf7-textarea\" aria-invalid=\"false\" placeholder=\"Message (optional)*\" name=\"your-message\"><\/textarea><\/span><br \/>\n<\/label>\n<\/p>\n<p><input class=\"wpcf7-form-control wpcf7-submit has-spinner\" type=\"submit\" value=\"Send\" \/>\n<\/p><div class=\"wpcf7-response-output\" aria-hidden=\"true\"><\/div>\n<input type=\"hidden\" name=\"trp-form-language\" value=\"en\"\/><\/form>\n<\/div>\n\n\t\t<\/div> \n\t<\/div>\n\t<\/div> \n\n\t<div  class=\"vc_col-sm-6 vc_hidden-sm vc_hidden-xs wpb_column column_container vc_column_container col child_column no-extra-padding inherit_tablet inherit_phone\"   data-padding-pos=\"all\" data-has-bg-color=\"false\" data-bg-color=\"\" data-bg-opacity=\"1\" data-animation=\"\" data-delay=\"0\" >\n\t\t<div class=\"vc_column-inner\" >\n\t\t<div class=\"wpb_wrapper\">\n\t\t\t\n<div class=\"wpb_text_column wpb_content_element\" >\n\t<div class=\"wpb_wrapper\">\n\t\t<p><iframe loading=\"lazy\" style=\"border: 0;\" src=\"https:\/\/www.google.com\/maps\/embed?pb=!1m18!1m12!1m3!1d3671.595312468867!2d-109.70912279999999!3d23.0386266!2m3!1f0!2f0!3f0!3m2!1i1024!2i768!4f13.1!3m3!1m2!1s0x86af51dcd66a687d%3A0x1d6c08e69711bbc7!2sKreation%20Studio!5e0!3m2!1ses!2smx!4v1718850379208!5m2!1ses!2smx\" width=\"800\" height=\"690\" allowfullscreen=\"allowfullscreen\" data-mce-fragment=\"1\"><\/iframe><\/p>\n\t<\/div>\n<\/div>\n\n\n\n\n\t\t<\/div> \n\t<\/div>\n\t<\/div> \n<\/div><\/div><div id=\"fws_69d397cf95d25\" data-midnight=\"\" data-column-margin=\"default\" class=\"wpb_row vc_row-fluid vc_row inner_row\"  style=\"\"><div class=\"row-bg-wrap\"> <div class=\"row-bg\" ><\/div> <\/div><div class=\"row_col_wrap_12_inner col span_12  left\">\n\t<div  class=\"vc_col-sm-6 vc_hidden-lg vc_hidden-md wpb_column column_container vc_column_container col child_column centered-text no-extra-padding inherit_tablet inherit_phone\"   data-padding-pos=\"all\" data-has-bg-color=\"false\" data-bg-color=\"\" data-bg-opacity=\"1\" data-animation=\"\" data-delay=\"0\" >\n\t\t<div class=\"vc_column-inner\" >\n\t\t<div class=\"wpb_wrapper\">\n\t\t\t\n<div class=\"wpb_text_column wpb_content_element\" >\n\t<div class=\"wpb_wrapper\">\n\t\t<p><iframe loading=\"lazy\" style=\"border: 0;\" src=\"https:\/\/www.google.com\/maps\/embed?pb=!1m18!1m12!1m3!1d3671.595312468867!2d-109.70912279999999!3d23.0386266!2m3!1f0!2f0!3f0!3m2!1i1024!2i768!4f13.1!3m3!1m2!1s0x86af51dcd66a687d%3A0x1d6c08e69711bbc7!2sKreation%20Studio!5e0!3m2!1ses!2smx!4v1718850379208!5m2!1ses!2smx\" width=\"600\" height=\"300\" allowfullscreen=\"allowfullscreen\" data-mce-fragment=\"1\"><\/iframe><\/p>\n\t<\/div>\n<\/div>\n\n\n\n\n\t\t<\/div> \n\t<\/div>\n\t<\/div> \n\n\t<div  class=\"vc_col-sm-6 vc_hidden-lg vc_hidden-md vc_hidden-sm vc_hidden-xs wpb_column column_container vc_column_container col child_column no-extra-padding inherit_tablet inherit_phone\"   data-padding-pos=\"all\" data-has-bg-color=\"false\" data-bg-color=\"\" data-bg-opacity=\"1\" data-animation=\"\" data-delay=\"0\" >\n\t\t<div class=\"vc_column-inner\" >\n\t\t<div class=\"wpb_wrapper\">\n\t\t\t\n\t\t<\/div> \n\t<\/div>\n\t<\/div> \n<\/div><\/div><div id=\"fws_69d397cf960f9\" data-midnight=\"\" data-column-margin=\"default\" class=\"wpb_row vc_row-fluid vc_row inner_row\"  style=\"\"><div class=\"row-bg-wrap\"> <div class=\"row-bg\" ><\/div> <\/div><div class=\"row_col_wrap_12_inner col span_12  left\">\n\t<div  class=\"vc_col-sm-12 wpb_column column_container vc_column_container col child_column no-extra-padding inherit_tablet inherit_phone\"   data-padding-pos=\"all\" data-has-bg-color=\"false\" data-bg-color=\"\" data-bg-opacity=\"1\" data-animation=\"\" data-delay=\"0\" >\n\t\t<div class=\"vc_column-inner\" >\n\t\t<div class=\"wpb_wrapper\">\n\t\t\t<div class=\"divider-wrap\" data-alignment=\"default\"><div style=\"height: 80px;\" class=\"divider\"><\/div><\/div>\n\t\t<\/div> \n\t<\/div>\n\t<\/div> \n<\/div><\/div><div id=\"fws_69d397cf96393\" data-midnight=\"\" data-column-margin=\"default\" class=\"wpb_row vc_row-fluid vc_row inner_row vc_row-o-equal-height vc_row-flex vc_row-o-content-middle bottom_padding_phone_55px\"  style=\"\"><div class=\"row-bg-wrap\"> <div class=\"row-bg\" ><\/div> <\/div><div class=\"row_col_wrap_12_inner col span_12  left\">\n\t<div  class=\"vc_col-sm-2 wpb_column column_container vc_column_container col child_column no-extra-padding force-desktop-text-align-left inherit_tablet inherit_phone\"   data-padding-pos=\"all\" data-has-bg-color=\"false\" data-bg-color=\"\" data-bg-opacity=\"1\" data-animation=\"\" data-delay=\"0\" >\n\t\t<div class=\"vc_column-inner\" >\n\t\t<div class=\"wpb_wrapper\">\n\t\t\t<div class=\"img-with-aniamtion-wrap\" data-max-width=\"100%\" data-max-width-mobile=\"default\" data-shadow=\"none\" data-animation=\"none\" >\n      <div class=\"inner\">\n        <div class=\"hover-wrap\"> \n          <div class=\"hover-wrap-inner\">\n            <img loading=\"lazy\" decoding=\"async\" class=\"img-with-animation skip-lazy\" data-delay=\"0\" height=\"72\" width=\"71\" data-animation=\"none\" src=\"https:\/\/www.kreationstudio.mx\/wp-content\/uploads\/2024\/06\/SISTEMA-KREATION_08-10.png\" alt=\"\" srcset=\"https:\/\/www.kreationstudio.mx\/wp-content\/uploads\/2024\/06\/SISTEMA-KREATION_08-10.png 71w, https:\/\/www.kreationstudio.mx\/wp-content\/uploads\/2024\/06\/SISTEMA-KREATION_08-10-12x12.png 12w\" sizes=\"auto, (max-width: 71px) 100vw, 71px\" \/>\n          <\/div>\n        <\/div>\n      <\/div>\n    <\/div>\n\t\t<\/div> \n\t<\/div>\n\t<\/div> \n\n\t<div  class=\"vc_col-sm-2 wpb_column column_container vc_column_container col child_column no-extra-padding force-desktop-text-align-left inherit_tablet inherit_phone translate_x_phone_-50px\"   data-padding-pos=\"all\" data-has-bg-color=\"false\" data-bg-color=\"\" data-bg-opacity=\"1\" data-animation=\"\" data-delay=\"0\" >\n\t\t<div class=\"vc_column-inner\" style=\"transform:  translateX(-130px);\">\n\t\t<div class=\"wpb_wrapper\">\n\t\t\t<div class=\"nectar-responsive-text font_size_desktop_18px font_size_phone_16px font_line_height_1-1 nectar-link-underline-effect\" style=\"color: #ffffff;\"><p style=\"text-align: left\"><strong>Phone: <\/strong>624 157 6309<\/p>\n<\/div>\n\t\t<\/div> \n\t<\/div>\n\t<\/div> \n\n\t<div  class=\"vc_col-sm-2 wpb_column column_container vc_column_container col child_column no-extra-padding force-desktop-text-align-left inherit_tablet inherit_phone\"   data-padding-pos=\"all\" data-has-bg-color=\"false\" data-bg-color=\"\" data-bg-opacity=\"1\" data-animation=\"\" data-delay=\"0\" >\n\t\t<div class=\"vc_column-inner\" >\n\t\t<div class=\"wpb_wrapper\">\n\t\t\t<div class=\"img-with-aniamtion-wrap\" data-max-width=\"100%\" data-max-width-mobile=\"default\" data-shadow=\"none\" data-animation=\"none\" >\n      <div class=\"inner\">\n        <div class=\"hover-wrap\"> \n          <div class=\"hover-wrap-inner\">\n            <img loading=\"lazy\" decoding=\"async\" class=\"img-with-animation skip-lazy\" data-delay=\"0\" height=\"72\" width=\"71\" data-animation=\"none\" src=\"https:\/\/www.kreationstudio.mx\/wp-content\/uploads\/2024\/06\/SISTEMA-KREATION_08-10.png\" alt=\"\" srcset=\"https:\/\/www.kreationstudio.mx\/wp-content\/uploads\/2024\/06\/SISTEMA-KREATION_08-10.png 71w, https:\/\/www.kreationstudio.mx\/wp-content\/uploads\/2024\/06\/SISTEMA-KREATION_08-10-12x12.png 12w\" sizes=\"auto, (max-width: 71px) 100vw, 71px\" \/>\n          <\/div>\n        <\/div>\n      <\/div>\n    <\/div>\n\t\t<\/div> \n\t<\/div>\n\t<\/div> \n\n\t<div  class=\"vc_col-sm-2 wpb_column column_container vc_column_container col child_column no-extra-padding force-desktop-text-align-left inherit_tablet inherit_phone translate_x_phone_-50px\"   data-padding-pos=\"all\" data-has-bg-color=\"false\" data-bg-color=\"\" data-bg-opacity=\"1\" data-animation=\"\" data-delay=\"0\" >\n\t\t<div class=\"vc_column-inner\" style=\"transform:  translateX(-130px);\">\n\t\t<div class=\"wpb_wrapper\">\n\t\t\t<div class=\"nectar-responsive-text font_size_desktop_18px font_size_phone_16px font_line_height_1-1 nectar-link-underline-effect\" style=\"color: #ffffff;\"><p style=\"text-align: left\"><strong>Email:<\/strong> <a href=\"mailto:contacto@kreation.mx\">contacto@kreation.mx<\/a><\/p>\n<\/div>\n\t\t<\/div> \n\t<\/div>\n\t<\/div> \n\n\t<div  class=\"vc_col-sm-2 wpb_column column_container vc_column_container col child_column no-extra-padding force-desktop-text-align-left inherit_tablet inherit_phone\"   data-padding-pos=\"all\" data-has-bg-color=\"false\" data-bg-color=\"\" data-bg-opacity=\"1\" data-animation=\"\" data-delay=\"0\" >\n\t\t<div class=\"vc_column-inner\" >\n\t\t<div class=\"wpb_wrapper\">\n\t\t\t<div class=\"img-with-aniamtion-wrap\" data-max-width=\"100%\" data-max-width-mobile=\"default\" data-shadow=\"none\" data-animation=\"none\" >\n      <div class=\"inner\">\n        <div class=\"hover-wrap\"> \n          <div class=\"hover-wrap-inner\">\n            <img loading=\"lazy\" decoding=\"async\" class=\"img-with-animation skip-lazy\" data-delay=\"0\" height=\"72\" width=\"71\" data-animation=\"none\" src=\"https:\/\/www.kreationstudio.mx\/wp-content\/uploads\/2024\/06\/SISTEMA-KREATION_08-10.png\" alt=\"\" srcset=\"https:\/\/www.kreationstudio.mx\/wp-content\/uploads\/2024\/06\/SISTEMA-KREATION_08-10.png 71w, https:\/\/www.kreationstudio.mx\/wp-content\/uploads\/2024\/06\/SISTEMA-KREATION_08-10-12x12.png 12w\" sizes=\"auto, (max-width: 71px) 100vw, 71px\" \/>\n          <\/div>\n        <\/div>\n      <\/div>\n    <\/div>\n\t\t<\/div> \n\t<\/div>\n\t<\/div> \n\n\t<div  class=\"vc_col-sm-2 wpb_column column_container vc_column_container col child_column no-extra-padding force-desktop-text-align-left inherit_tablet inherit_phone translate_x_phone_-50px\"   data-padding-pos=\"all\" data-has-bg-color=\"false\" data-bg-color=\"\" data-bg-opacity=\"1\" data-animation=\"\" data-delay=\"0\" >\n\t\t<div class=\"vc_column-inner\" style=\"transform:  translateX(-130px);\">\n\t\t<div class=\"wpb_wrapper\">\n\t\t\t<div class=\"nectar-responsive-text font_size_desktop_18px font_size_phone_16px font_line_height_1-1 nectar-link-underline-effect\" style=\"color: #ffffff;\"><p style=\"text-align: left\"><strong>Address:<\/strong> <a href=\"https:\/\/maps.app.goo.gl\/Pzeg7yeJj6JGTV3D8\" target=\"_blank\" rel=\"noopener\">Plaza Peninsula Local 3C , Carretera Transpeninsular, 5 S\/N, 23406 San Jos\u00e9 del Cabo, B.C.S.<\/a><\/p>\n<\/div>\n\t\t<\/div> \n\t<\/div>\n\t<\/div> \n<\/div><\/div>\n\t\t\t<\/div> \n\t\t<\/div>\n\t<\/div> \n<\/div><\/div>\n\t\t<div id=\"fws_69d397cf97d17\"  data-column-margin=\"default\" data-midnight=\"dark\"  class=\"wpb_row vc_row-fluid vc_row\"  style=\"padding-top: 30px; padding-bottom: 30px; \"><div class=\"row-bg-wrap\" data-bg-animation=\"none\" data-bg-animation-delay=\"\" data-bg-overlay=\"false\"><div class=\"inner-wrap row-bg-layer\" ><div class=\"row-bg viewport-desktop\"  style=\"\"><\/div><\/div><\/div><div class=\"row_col_wrap_12 col span_12 dark left\">\n\t<div  class=\"vc_col-sm-12 wpb_column column_container vc_column_container col centered-text no-extra-padding inherit_tablet inherit_phone translate_x_phone_-10px\"  data-padding-pos=\"all\" data-has-bg-color=\"false\" data-bg-color=\"\" data-bg-opacity=\"1\" data-animation=\"\" data-delay=\"0\" >\n\t\t<div class=\"vc_column-inner\" >\n\t\t\t<div class=\"wpb_wrapper\">\n\t\t\t\t<div class=\"img-with-aniamtion-wrap center custom-width-50pct custom-width-phone-85pct\" data-max-width=\"custom\" data-max-width-mobile=\"default\" data-shadow=\"none\" data-animation=\"none\" >\n      <div class=\"inner\">\n        <div class=\"hover-wrap\"> \n          <div class=\"hover-wrap-inner\">\n            <img loading=\"lazy\" decoding=\"async\" class=\"img-with-animation skip-lazy\" data-delay=\"0\" height=\"2189\" width=\"4754\" data-animation=\"none\" src=\"https:\/\/www.kreationstudio.mx\/wp-content\/uploads\/2024\/10\/LOGO-KREATION_05.png\" alt=\"\" srcset=\"https:\/\/www.kreationstudio.mx\/wp-content\/uploads\/2024\/10\/LOGO-KREATION_05.png 4754w, https:\/\/www.kreationstudio.mx\/wp-content\/uploads\/2024\/10\/LOGO-KREATION_05-300x138.png 300w, https:\/\/www.kreationstudio.mx\/wp-content\/uploads\/2024\/10\/LOGO-KREATION_05-1024x472.png 1024w, https:\/\/www.kreationstudio.mx\/wp-content\/uploads\/2024\/10\/LOGO-KREATION_05-768x354.png 768w, https:\/\/www.kreationstudio.mx\/wp-content\/uploads\/2024\/10\/LOGO-KREATION_05-1536x707.png 1536w, https:\/\/www.kreationstudio.mx\/wp-content\/uploads\/2024\/10\/LOGO-KREATION_05-2048x943.png 2048w, https:\/\/www.kreationstudio.mx\/wp-content\/uploads\/2024\/10\/LOGO-KREATION_05-18x8.png 18w\" sizes=\"auto, (max-width: 4754px) 100vw, 4754px\" \/>\n          <\/div>\n        <\/div>\n      <\/div>\n    <\/div>\n\t\t\t<\/div> \n\t\t<\/div>\n\t<\/div> \n<\/div><\/div>","protected":false},"excerpt":{"rendered":"CONT\u00c1CTANOS Un asesor se contactar\u00e1 con usted. Tel\u00e9fono: 624 157 6309 correo: contacto@kreation.mx Direcci\u00f3n: Plaza Peninsula Local 3C , Carretera Transpeninsular, 5 S\/N, 23406 San Jos\u00e9 del Cabo, B.C.S.","protected":false},"author":1,"featured_media":0,"parent":0,"menu_order":0,"comment_status":"closed","ping_status":"closed","template":"template-no-footer.php","meta":{"footnotes":""},"class_list":["post-9243","page","type-page","status-publish"],"_links":{"self":[{"href":"https:\/\/www.kreationstudio.mx\/en\/wp-json\/wp\/v2\/pages\/9243","targetHints":{"allow":["GET"]}}],"collection":[{"href":"https:\/\/www.kreationstudio.mx\/en\/wp-json\/wp\/v2\/pages"}],"about":[{"href":"https:\/\/www.kreationstudio.mx\/en\/wp-json\/wp\/v2\/types\/page"}],"author":[{"embeddable":true,"href":"https:\/\/www.kreationstudio.mx\/en\/wp-json\/wp\/v2\/users\/1"}],"replies":[{"embeddable":true,"href":"https:\/\/www.kreationstudio.mx\/en\/wp-json\/wp\/v2\/comments?post=9243"}],"version-history":[{"count":7,"href":"https:\/\/www.kreationstudio.mx\/en\/wp-json\/wp\/v2\/pages\/9243\/revisions"}],"predecessor-version":[{"id":9559,"href":"https:\/\/www.kreationstudio.mx\/en\/wp-json\/wp\/v2\/pages\/9243\/revisions\/9559"}],"wp:attachment":[{"href":"https:\/\/www.kreationstudio.mx\/en\/wp-json\/wp\/v2\/media?parent=9243"}],"curies":[{"name":"wp","href":"https:\/\/api.w.org\/{rel}","templated":true}]}}