{"id":9567,"date":"2025-01-16T22:52:34","date_gmt":"2025-01-16T22:52:34","guid":{"rendered":"https:\/\/www.kreationstudio.mx\/?page_id=9567"},"modified":"2025-01-16T22:52:34","modified_gmt":"2025-01-16T22:52:34","slug":"aviso-de-privacidad","status":"publish","type":"page","link":"https:\/\/www.kreationstudio.mx\/en\/aviso-de-privacidad\/","title":{"rendered":"Aviso de Privacidad"},"content":{"rendered":"<div id=\"fws_69d384587a51a\"  data-column-margin=\"default\" data-midnight=\"dark\"  class=\"wpb_row vc_row-fluid vc_row\"  style=\"padding-top: 0px; padding-bottom: 0px; \"><div class=\"row-bg-wrap\" data-bg-animation=\"none\" data-bg-animation-delay=\"\" data-bg-overlay=\"false\"><div class=\"inner-wrap row-bg-layer\" ><div class=\"row-bg viewport-desktop\"  style=\"\"><\/div><\/div><\/div><div class=\"row_col_wrap_12 col span_12 dark left\">\n\t<div  class=\"vc_col-sm-12 wpb_column column_container vc_column_container col no-extra-padding inherit_tablet inherit_phone\"  data-padding-pos=\"all\" data-has-bg-color=\"false\" data-bg-color=\"\" data-bg-opacity=\"1\" data-animation=\"\" data-delay=\"0\" >\n\t\t<div class=\"vc_column-inner\" >\n\t\t\t<div class=\"wpb_wrapper\">\n\t\t\t\t<div class=\"divider-wrap height_phone_40px\" data-alignment=\"default\"><div style=\"height: 65px;\" class=\"divider\"><\/div><\/div><div class=\"nectar-responsive-text font_size_desktop_19px font_size_phone_16px font_line_height_1-1 nectar-link-underline-effect\" style=\"color: #000000;\"><p><strong>Aviso de Privacidad<\/strong><\/p>\n<p>NS KREA SA DE CV, tambi\u00e9n conocido por su nombre comercial <strong>KREATION STUDIO<\/strong>, con fundamento en los art\u00edculos 15 y 16 de la Ley Federal de Protecci\u00f3n de Datos Personales en Posesi\u00f3n de Particulares, hace de su conocimiento que NS KREA SA DE CV, con domicilio en Calle Prado Norte n\u00fam. 577, Col. Lomas de Chapultepec, CDMX, CP 11000, es responsable de recabar sus datos personales a trav\u00e9s del sitio <a href=\"https:\/\/www.kreationstudio.mx\/en\/\">https:\/\/www.kreationstudio.mx\/<\/a>, y\/o sus plataformas digitales en redes sociales como Facebook, Instagram, LinkedIn, p\u00e1ginas de aterrizaje y dem\u00e1s formularios, as\u00ed como del uso que se les d\u00e9 y de su protecci\u00f3n.<\/p>\n<p><strong>Informaci\u00f3n de Identificaci\u00f3n Personal<\/strong><\/p>\n<p>Los datos personales que usted nos proporcione voluntariamente, tales como nombre, correo electr\u00f3nico, n\u00famero telef\u00f3nico fijo o celular, y mensajes, ser\u00e1n utilizados para contactarlo.<br \/>\nNS KREA SA DE CV no vender\u00e1, ceder\u00e1 ni transferir\u00e1 sus datos personales a terceros ajenos a NS KREA sin su consentimiento previo. Sin embargo, NS KREA podr\u00e1 transferir sus datos personales cuando dicha transferencia est\u00e9 prevista en la ley. Los usuarios siempre pueden negarse a suministrar informaci\u00f3n personal de identificaci\u00f3n.<\/p>\n<p><strong>Informaci\u00f3n de Identificaci\u00f3n No Personal<\/strong><\/p>\n<p>Podemos recopilar informaci\u00f3n no personal de identificaci\u00f3n acerca de los usuarios cuando interact\u00faan con nuestro sitio. La informaci\u00f3n no personal de identificaci\u00f3n podr\u00e1 incluir el nombre del navegador, el tipo de equipo e informaci\u00f3n t\u00e9cnica sobre los usuarios de medios de conexi\u00f3n a nuestro sitio, tales como el sistema operativo y los proveedores de servicios de Internet utilizados y otra informaci\u00f3n similar.<\/p>\n<p><strong>Cookies del Navegador Web<\/strong><\/p>\n<p>Nuestro sitio puede utilizar \u00abcookies\u00bb para mejorar la experiencia del usuario. El navegador web del usuario coloca cookies en su disco duro para prop\u00f3sitos de registro y, en ocasiones, para rastrear informaci\u00f3n sobre ellos.<br \/>\nEl usuario puede optar por configurar su navegador para que rechace las cookies o para que le avise cuando se env\u00eden. Si decide deshabilitar las cookies, tenga en cuenta que algunas partes del sitio podr\u00edan no funcionar correctamente.<\/p>\n<p><strong>\u00bfC\u00f3mo Utilizamos la Informaci\u00f3n Recopilada?<\/strong><\/p>\n<ul>\n<li>Para responder a sus consultas, preguntas y\/u otras solicitudes.<\/li>\n<li>Para mejorar el servicio al cliente.\n<ul>\n<li>La informaci\u00f3n que usted proporciona nos ayuda a responder a sus solicitudes y necesidades de apoyo de manera m\u00e1s eficiente.<\/li>\n<\/ul>\n<\/li>\n<li>Para mejorar nuestro sitio.\n<ul>\n<li>Podemos utilizar informaci\u00f3n que usted proporciona para mejorar nuestros productos y servicios.<\/li>\n<\/ul>\n<\/li>\n<li>Para enviar correos electr\u00f3nicos peri\u00f3dicos.\n<ul>\n<li>Podemos utilizar su direcci\u00f3n de correo electr\u00f3nico para enviar informaci\u00f3n y actualizaciones relacionadas con su solicitud.<\/li>\n<\/ul>\n<\/li>\n<\/ul>\n<p><strong>\u00bfC\u00f3mo Protegemos Su Informaci\u00f3n Personal?<\/strong><\/p>\n<p>Adoptamos medidas de seguridad para proteger contra el acceso no autorizado al recopilar datos, durante su almacenamiento y procesamiento, evitando alteraci\u00f3n, divulgaci\u00f3n o destrucci\u00f3n de su informaci\u00f3n personal. El intercambio de datos sensibles y privados entre el sitio y los usuarios se realiza a trav\u00e9s de un canal seguro SSL, el cual est\u00e1 codificado y protegido con mecanismos de la plataforma donde est\u00e1 dise\u00f1ado el sitio web.<\/p>\n<p><strong>Cambios en Esta Pol\u00edtica de Privacidad<\/strong><\/p>\n<p>NS KREA tiene la facultad de actualizar esta pol\u00edtica de privacidad en cualquier momento. Cuando lo hagamos, revisaremos la fecha de actualizaci\u00f3n en la parte inferior de esta p\u00e1gina.<br \/>\nAnimamos a los usuarios a consultar frecuentemente esta p\u00e1gina para mantenerse informados sobre c\u00f3mo estamos ayudando a proteger la informaci\u00f3n personal que recopilamos. Usted reconoce y acepta que es su responsabilidad revisar esta pol\u00edtica peri\u00f3dicamente y estar al tanto de las modificaciones.<\/p>\n<p><strong>Su Aceptaci\u00f3n de Estos T\u00e9rminos<\/strong><\/p>\n<p>Al usar este sitio, usted expresa su aceptaci\u00f3n de esta pol\u00edtica. Si no est\u00e1 de acuerdo con esta pol\u00edtica, por favor, no utilice nuestro sitio. El uso continuado del sitio tras la publicaci\u00f3n de cambios en esta pol\u00edtica ser\u00e1 considerado como su aceptaci\u00f3n de dichos cambios.<\/p>\n<p><strong>\u00bfC\u00f3mo Ponerse en Contacto con Nosotros?<\/strong><\/p>\n<p>Si tiene alguna pregunta sobre esta Pol\u00edtica de Privacidad, las pr\u00e1cticas de este sitio o sus relaciones con este sitio, por favor, p\u00f3ngase en contacto con nosotros en:<\/p>\n<p><strong>NS KREA SA DE CV \/ KREATION STUDIO<\/strong><br \/>\n<strong>Correo electr\u00f3nico:<\/strong> contacto@kreation.mx<\/p>\n<p><strong>Este documento fue actualizado por \u00faltima vez el 16 de enero de 2025.<\/strong><\/p>\n<\/div>\n\t\t\t<\/div> \n\t\t<\/div>\n\t<\/div> \n<\/div><\/div>","protected":false},"excerpt":{"rendered":"Aviso de Privacidad NS KREA SA DE CV, tambi\u00e9n conocido por su nombre comercial KREATION STUDIO, con fundamento en los art\u00edculos 15 y 16 de la Ley Federal de Protecci\u00f3n...","protected":false},"author":1,"featured_media":0,"parent":0,"menu_order":0,"comment_status":"closed","ping_status":"closed","template":"","meta":{"footnotes":""},"class_list":["post-9567","page","type-page","status-publish"],"_links":{"self":[{"href":"https:\/\/www.kreationstudio.mx\/en\/wp-json\/wp\/v2\/pages\/9567","targetHints":{"allow":["GET"]}}],"collection":[{"href":"https:\/\/www.kreationstudio.mx\/en\/wp-json\/wp\/v2\/pages"}],"about":[{"href":"https:\/\/www.kreationstudio.mx\/en\/wp-json\/wp\/v2\/types\/page"}],"author":[{"embeddable":true,"href":"https:\/\/www.kreationstudio.mx\/en\/wp-json\/wp\/v2\/users\/1"}],"replies":[{"embeddable":true,"href":"https:\/\/www.kreationstudio.mx\/en\/wp-json\/wp\/v2\/comments?post=9567"}],"version-history":[{"count":2,"href":"https:\/\/www.kreationstudio.mx\/en\/wp-json\/wp\/v2\/pages\/9567\/revisions"}],"predecessor-version":[{"id":9569,"href":"https:\/\/www.kreationstudio.mx\/en\/wp-json\/wp\/v2\/pages\/9567\/revisions\/9569"}],"wp:attachment":[{"href":"https:\/\/www.kreationstudio.mx\/en\/wp-json\/wp\/v2\/media?parent=9567"}],"curies":[{"name":"wp","href":"https:\/\/api.w.org\/{rel}","templated":true}]}}